{"id":5574,"date":"2025-11-19T12:26:00","date_gmt":"2025-11-19T11:26:00","guid":{"rendered":"https:\/\/mont-devant-sassey.fr\/?page_id=5574"},"modified":"2025-11-19T12:26:01","modified_gmt":"2025-11-19T11:26:01","slug":"la-paroisse","status":"publish","type":"page","link":"https:\/\/mont-devant-sassey.fr\/de\/la-paroisse\/","title":{"rendered":"La Paroisse"},"content":{"rendered":"\n<p><strong>Sainte Th\u00e9r\u00e8se-B\u00e9n\u00e9dicte de la Croix du Pays de Stenay<\/strong><\/p>\n\n\n\n<h4 class=\"wp-block-heading\">Permanences<\/h4>\n\n\n\n<ul class=\"wp-block-list\">\n<li>Secr\u00e9taire :  le mercredi de 10h00 \u00e0 12h00 et de 14h00 \u00e0 17h00.<\/li>\n\n\n\n<li>B\u00e9n\u00e9vole :  le vendredi de 10h30 \u00e0 12h00<\/li>\n<\/ul>\n\n\n\n<h4 class=\"wp-block-heading\">Adresse<\/h4>\n\n\n\n<p>Presbyt\u00e8re de Stenay<br>1, place Raymond Poincarr\u00e9<br>55700 Stenay France<\/p>\n\n\n\n<h4 class=\"wp-block-heading\">Mail<\/h4>\n\n\n\n<p>paroisse.stetherese@catholique55.fr<\/p>\n\n\n\n<h4 class=\"wp-block-heading\">T\u00e9l\u00e9phone<\/h4>\n\n\n\n<p>+33 329 80 30 29<br>+33 7 85 31 59 69<\/p>\n","protected":false},"excerpt":{"rendered":"<p>Sainte Th\u00e9r\u00e8se-B\u00e9n\u00e9dicte de la Croix du Pays\u2026<\/p>\n","protected":false},"author":6,"featured_media":0,"parent":0,"menu_order":0,"comment_status":"closed","ping_status":"closed","template":"","meta":{"_mc_calendar":[],"footnotes":""},"class_list":["post-5574","page","type-page","status-publish","hentry"],"translation":{"provider":"WPGlobus","version":"3.0.2","language":"de","enabled_languages":["fr","nl","de","en"],"languages":{"fr":{"title":true,"content":true,"excerpt":false},"nl":{"title":false,"content":false,"excerpt":false},"de":{"title":false,"content":false,"excerpt":false},"en":{"title":false,"content":false,"excerpt":false}}},"_links":{"self":[{"href":"https:\/\/mont-devant-sassey.fr\/de\/wp-json\/wp\/v2\/pages\/5574","targetHints":{"allow":["GET"]}}],"collection":[{"href":"https:\/\/mont-devant-sassey.fr\/de\/wp-json\/wp\/v2\/pages"}],"about":[{"href":"https:\/\/mont-devant-sassey.fr\/de\/wp-json\/wp\/v2\/types\/page"}],"author":[{"embeddable":true,"href":"https:\/\/mont-devant-sassey.fr\/de\/wp-json\/wp\/v2\/users\/6"}],"replies":[{"embeddable":true,"href":"https:\/\/mont-devant-sassey.fr\/de\/wp-json\/wp\/v2\/comments?post=5574"}],"version-history":[{"count":1,"href":"https:\/\/mont-devant-sassey.fr\/de\/wp-json\/wp\/v2\/pages\/5574\/revisions"}],"predecessor-version":[{"id":5575,"href":"https:\/\/mont-devant-sassey.fr\/de\/wp-json\/wp\/v2\/pages\/5574\/revisions\/5575"}],"wp:attachment":[{"href":"https:\/\/mont-devant-sassey.fr\/de\/wp-json\/wp\/v2\/media?parent=5574"}],"curies":[{"name":"wp","href":"https:\/\/api.w.org\/{rel}","templated":true}]}}